{"id":3813,"date":"2023-01-23T15:51:58","date_gmt":"2023-01-23T15:51:58","guid":{"rendered":"https:\/\/www.museoislademaipo.cl\/catalogo\/?page_id=3813"},"modified":"2023-01-30T19:57:17","modified_gmt":"2023-01-30T19:57:17","slug":"agendar-una-visita-2","status":"publish","type":"page","link":"https:\/\/www.museoislademaipo.cl\/catalogo\/agendar-una-visita-2\/","title":{"rendered":"Agendar una Visita"},"content":{"rendered":"<div id=\"modal-ready\"><p>[vc_row][vc_column][vc_column_text][\/vc_column_text][vc_single_image image=\u00bb3824&#8243; img_size=\u00bbfull\u00bb alignment=\u00bbcenter\u00bb][\/vc_column][\/vc_row][vc_row][vc_column][vc_column_text]<\/p>\r\n<p>El museo Parroquial de Isla de Maipo ofrece <strong>visitas guiadas<\/strong> a colegios y organizaciones con previa coordinaci\u00f3n.<\/p>\r\n<p>Para<strong> agendar tu visita<\/strong> puedes enviar un correo a museoislademaipo@gmail.com o comunicarte a trav\u00e9s de WhatsApp al n\u00famero +56 9 6789 0079<\/p>\r\n<p>[\/vc_column_text][\/vc_column][\/vc_row][vc_row][vc_column][vc_column_text]<\/p>\r\n<p>[\/vc_column_text][\/vc_column][\/vc_row]<\/p><\/div>","protected":false},"excerpt":{"rendered":"<p>[vc_row][vc_column][vc_column_text][\/vc_column_text][vc_single_image image=\u00bb3824&#8243; img_size=\u00bbfull\u00bb alignment=\u00bbcenter\u00bb][\/vc_column][\/vc_row][vc_row][vc_column][vc_column_text] El museo Parroquial de Isla de Maipo ofrece visitas guiadas a colegios y organizaciones con previa coordinaci\u00f3n. Para agendar tu visita puedes enviar un correo a museoislademaipo@gmail.com o comunicarte a trav\u00e9s de WhatsApp al n\u00famero +56 9 6789 0079 [\/vc_column_text][\/vc_column][\/vc_row][vc_row][vc_column][vc_column_text] [\/vc_column_text][\/vc_column][\/vc_row]<\/p>\n","protected":false},"author":1,"featured_media":3824,"parent":0,"menu_order":0,"comment_status":"closed","ping_status":"closed","template":"","meta":{"footnotes":""},"class_list":["post-3813","page","type-page","status-publish","has-post-thumbnail","hentry"],"_links":{"self":[{"href":"https:\/\/www.museoislademaipo.cl\/catalogo\/wp-json\/wp\/v2\/pages\/3813","targetHints":{"allow":["GET"]}}],"collection":[{"href":"https:\/\/www.museoislademaipo.cl\/catalogo\/wp-json\/wp\/v2\/pages"}],"about":[{"href":"https:\/\/www.museoislademaipo.cl\/catalogo\/wp-json\/wp\/v2\/types\/page"}],"author":[{"embeddable":true,"href":"https:\/\/www.museoislademaipo.cl\/catalogo\/wp-json\/wp\/v2\/users\/1"}],"replies":[{"embeddable":true,"href":"https:\/\/www.museoislademaipo.cl\/catalogo\/wp-json\/wp\/v2\/comments?post=3813"}],"version-history":[{"count":7,"href":"https:\/\/www.museoislademaipo.cl\/catalogo\/wp-json\/wp\/v2\/pages\/3813\/revisions"}],"predecessor-version":[{"id":3843,"href":"https:\/\/www.museoislademaipo.cl\/catalogo\/wp-json\/wp\/v2\/pages\/3813\/revisions\/3843"}],"wp:featuredmedia":[{"embeddable":true,"href":"https:\/\/www.museoislademaipo.cl\/catalogo\/wp-json\/wp\/v2\/media\/3824"}],"wp:attachment":[{"href":"https:\/\/www.museoislademaipo.cl\/catalogo\/wp-json\/wp\/v2\/media?parent=3813"}],"curies":[{"name":"wp","href":"https:\/\/api.w.org\/{rel}","templated":true}]}}